{"id":177,"date":"2020-01-02T10:51:18","date_gmt":"2020-01-02T09:51:18","guid":{"rendered":"http:\/\/nad-art-therapie.com\/?page_id=177"},"modified":"2023-12-05T14:55:54","modified_gmt":"2023-12-05T13:55:54","slug":"evenements","status":"publish","type":"page","link":"https:\/\/nad-art-therapie.com\/?page_id=177","title":{"rendered":"EVENEMENTS"},"content":{"rendered":"\n<div class=\"wp-block-cover is-light\"><span aria-hidden=\"true\" class=\"wp-block-cover__background has-background-dim\"><\/span><div class=\"wp-block-cover__inner-container is-layout-flow wp-block-cover-is-layout-flow\">\n<div class=\"wp-block-group\"><div class=\"wp-block-group__inner-container is-layout-constrained wp-block-group-is-layout-constrained\">\n<div class=\"wp-block-media-text is-stacked-on-mobile\"><figure class=\"wp-block-media-text__media\"><img loading=\"lazy\" decoding=\"async\" width=\"1602\" height=\"1174\" src=\"https:\/\/nad-art-therapie.com\/wp-content\/uploads\/2023\/12\/cropped-journee-constel.jpg\" alt=\"\" class=\"wp-image-415 size-full\" srcset=\"https:\/\/nad-art-therapie.com\/wp-content\/uploads\/2023\/12\/cropped-journee-constel.jpg 1602w, https:\/\/nad-art-therapie.com\/wp-content\/uploads\/2023\/12\/cropped-journee-constel-300x220.jpg 300w, https:\/\/nad-art-therapie.com\/wp-content\/uploads\/2023\/12\/cropped-journee-constel-1024x750.jpg 1024w, https:\/\/nad-art-therapie.com\/wp-content\/uploads\/2023\/12\/cropped-journee-constel-768x563.jpg 768w, https:\/\/nad-art-therapie.com\/wp-content\/uploads\/2023\/12\/cropped-journee-constel-1536x1126.jpg 1536w, https:\/\/nad-art-therapie.com\/wp-content\/uploads\/2023\/12\/cropped-journee-constel-1474x1080.jpg 1474w\" sizes=\"auto, (max-width: 1602px) 100vw, 1602px\" \/><\/figure><div class=\"wp-block-media-text__content\">\n<p class=\"has-text-align-center\"><strong>samedi 6 janvier 2024 de 9h \u00e0 16h<\/strong><\/p>\n\n\n\n<p class=\"has-text-align-center\">40\u20ac la journ\u00e9e &#8211; repas partag\u00e9 tir\u00e9 du sac<\/p>\n\n\n\n<p class=\"has-text-align-center\">inscription par mail : <em>arttsens@gmail.com<\/em><\/p>\n<\/div><\/div>\n<\/div><\/div>\n<\/div><\/div>\n\n\n\n<p><\/p>\n\n\n<div class=\"wp-block-image\">\n<figure class=\"aligncenter size-large is-resized\"><img loading=\"lazy\" decoding=\"async\" width=\"1024\" height=\"724\" src=\"https:\/\/nad-art-therapie.com\/wp-content\/uploads\/2023\/03\/ateliers-enfants-2023-1-1024x724.jpg\" alt=\"\" class=\"wp-image-399\" style=\"width:508px;height:auto\" srcset=\"https:\/\/nad-art-therapie.com\/wp-content\/uploads\/2023\/03\/ateliers-enfants-2023-1-1024x724.jpg 1024w, https:\/\/nad-art-therapie.com\/wp-content\/uploads\/2023\/03\/ateliers-enfants-2023-1-300x212.jpg 300w, https:\/\/nad-art-therapie.com\/wp-content\/uploads\/2023\/03\/ateliers-enfants-2023-1-768x543.jpg 768w, https:\/\/nad-art-therapie.com\/wp-content\/uploads\/2023\/03\/ateliers-enfants-2023-1-1536x1086.jpg 1536w, https:\/\/nad-art-therapie.com\/wp-content\/uploads\/2023\/03\/ateliers-enfants-2023-1-1528x1080.jpg 1528w, https:\/\/nad-art-therapie.com\/wp-content\/uploads\/2023\/03\/ateliers-enfants-2023-1.jpg 1754w\" sizes=\"auto, (max-width: 1024px) 100vw, 1024px\" \/><\/figure>\n<\/div>\n\n\n<p><\/p>\n\n\n<div class=\"wp-block-image\">\n<figure class=\"aligncenter size-large\"><img loading=\"lazy\" decoding=\"async\" width=\"1024\" height=\"960\" src=\"https:\/\/nad-art-therapie.com\/wp-content\/uploads\/2021\/10\/mon-corps-eMoi-date-1024x960.png\" alt=\"\" class=\"wp-image-367\" srcset=\"https:\/\/nad-art-therapie.com\/wp-content\/uploads\/2021\/10\/mon-corps-eMoi-date-1024x960.png 1024w, https:\/\/nad-art-therapie.com\/wp-content\/uploads\/2021\/10\/mon-corps-eMoi-date-300x281.png 300w, https:\/\/nad-art-therapie.com\/wp-content\/uploads\/2021\/10\/mon-corps-eMoi-date-768x720.png 768w, https:\/\/nad-art-therapie.com\/wp-content\/uploads\/2021\/10\/mon-corps-eMoi-date.png 1108w\" sizes=\"auto, (max-width: 1024px) 100vw, 1024px\" \/><\/figure>\n<\/div>\n\n\n<p class=\"has-text-align-center\">Au fil de la journ\u00e9e nous vous accompagnons au sein du groupe afin que vous puissiez dans l\u2019instant pr\u00e9sent vous relier \u00e0 votre \u00eatre, \u00e0 votre essence, \u00e0 la partie oubli\u00e9e ou mise de c\u00f4t\u00e9 de vous-m\u00eame.<\/p>\n\n\n\n<p class=\"has-text-align-center\">Nous cr\u00e9ons pour vous cet espace o\u00f9 vous pourrez vous offrir le l\u00e2cher prise, venir vous d\u00e9poser et vous d\u00e9couvrir en toute s\u00e9curit\u00e9 dans un cadre de bienveillance, de respect, de confidentialit\u00e9 et de non jugement.<\/p>\n\n\n\n<p class=\"has-text-align-center\">Les diff\u00e9rentes propositions de dessin, d\u2019\u00e9criture, de mouvement, de sons et de m\u00e9ditation sont des invitations \u00e0 vous connecter \u00e0 vos sens et \u00e0 vos ressentis.<\/p>\n\n\n\n<p class=\"has-text-align-center\">L&rsquo;art-th\u00e9rapie et la th\u00e9rapie intuitive vous offrent la possibilit\u00e9 de lib\u00e9rer les blocages qui vous emp\u00eachent d&rsquo;avancer et de vivre pleinement. Cela peut \u00eatre des peurs, des angoisses, des douleurs, des traumatismes&#8230;<\/p>\n\n\n\n<p class=\"has-text-align-center\"><strong>Nad\u00e8ge Bogiraud<\/strong> est art-th\u00e9rapeute certifi\u00e9e. Elle propose depuis 2013 des s\u00e9ances individuelles ou de groupe \u00e0 diff\u00e9rents publics en institution ou en cabinet. Elle accompagne la personne au plus pr\u00e8s de ses besoins vers l\u2019autonomie et la confiance en Soi. Des propositions de dessin, d\u2019\u00e9criture, de mouvement, d\u2019expression par la voix et les sons permettent de se reconnecter \u00e0 sa cr\u00e9ativit\u00e9, \u00e0 son \u00e9lan de vie et \u00e0 son \u00eatre profond. Par la cr\u00e9ation il est ainsi possible de lib\u00e9rer, de r\u00e9parer, de transformer ce qui a besoin de l\u2019\u00eatre. Lors de ces ateliers Nadege offre l\u2019\u00e9coute, la bienveillance et le soutien n\u00e9cessaires pour traverser des p\u00e9riodes de vie douloureuses.<\/p>\n\n\n\n<p class=\"has-text-align-center\"><a href=\"http:\/\/www.nad-art-therapie.com\">www.nad-art-therapie.com<\/a><\/p>\n\n\n\n<p class=\"has-text-align-center\">L\u2019atelier se d\u00e9roule sur la journ\u00e9e de 9h \u00e0 17h<\/p>\n\n\n\n<p class=\"has-text-align-center\">\u00e0 <em>l&rsquo;Espace Mille345<\/em>&nbsp;au 1345 avenue Georges Clemenceau \u00e0 Guilherand-Granges.<\/p>\n\n\n\n<p class=\"has-text-align-center\">Le tarif est de 80 euros, 40 euros d\u2019arrhes sont demand\u00e9s \u00e0 l\u2019inscription.<\/p>\n\n\n\n<p class=\"has-text-align-center\">Renseignements et inscription<\/p>\n\n\n\n<p class=\"has-text-align-center\">Nad\u00e8ge Bogiraud : 07 62 66 63 96<\/p>\n\n\n<div class=\"wp-block-image\">\n<figure class=\"aligncenter size-large is-resized\"><img loading=\"lazy\" decoding=\"async\" width=\"1212\" height=\"1246\" src=\"https:\/\/nad-art-therapie.com\/wp-content\/uploads\/2021\/03\/20210129_122018-edited.jpg\" alt=\"\" class=\"wp-image-348\" style=\"width:389px;height:399.9357429718876px\" srcset=\"https:\/\/nad-art-therapie.com\/wp-content\/uploads\/2021\/03\/20210129_122018-edited.jpg 1212w, https:\/\/nad-art-therapie.com\/wp-content\/uploads\/2021\/03\/20210129_122018-edited-292x300.jpg 292w, https:\/\/nad-art-therapie.com\/wp-content\/uploads\/2021\/03\/20210129_122018-edited-996x1024.jpg 996w, https:\/\/nad-art-therapie.com\/wp-content\/uploads\/2021\/03\/20210129_122018-edited-768x790.jpg 768w, https:\/\/nad-art-therapie.com\/wp-content\/uploads\/2021\/03\/20210129_122018-edited-1024x1053.jpg 1024w, https:\/\/nad-art-therapie.com\/wp-content\/uploads\/2021\/03\/20210129_122018-edited-1051x1080.jpg 1051w\" sizes=\"auto, (max-width: 1212px) 100vw, 1212px\" \/><\/figure>\n<\/div>\n\n<div class=\"wp-block-image\">\n<figure class=\"aligncenter size-large\"><img loading=\"lazy\" decoding=\"async\" width=\"1024\" height=\"724\" src=\"https:\/\/nad-art-therapie.com\/wp-content\/uploads\/2021\/02\/02-03-2021-1024x724.jpg\" alt=\"\" class=\"wp-image-312\" srcset=\"https:\/\/nad-art-therapie.com\/wp-content\/uploads\/2021\/02\/02-03-2021-1024x724.jpg 1024w, https:\/\/nad-art-therapie.com\/wp-content\/uploads\/2021\/02\/02-03-2021-300x212.jpg 300w, https:\/\/nad-art-therapie.com\/wp-content\/uploads\/2021\/02\/02-03-2021-768x543.jpg 768w, https:\/\/nad-art-therapie.com\/wp-content\/uploads\/2021\/02\/02-03-2021-1536x1086.jpg 1536w, https:\/\/nad-art-therapie.com\/wp-content\/uploads\/2021\/02\/02-03-2021-1528x1080.jpg 1528w, https:\/\/nad-art-therapie.com\/wp-content\/uploads\/2021\/02\/02-03-2021.jpg 1754w\" sizes=\"auto, (max-width: 1024px) 100vw, 1024px\" \/><\/figure>\n<\/div>\n\n<div class=\"wp-block-image\">\n<figure class=\"aligncenter size-large\"><img loading=\"lazy\" decoding=\"async\" width=\"1024\" height=\"724\" src=\"https:\/\/nad-art-therapie.com\/wp-content\/uploads\/2021\/02\/art-therapie-Enfants-02-2021b-1024x724.jpg\" alt=\"\" class=\"wp-image-317\" srcset=\"https:\/\/nad-art-therapie.com\/wp-content\/uploads\/2021\/02\/art-therapie-Enfants-02-2021b-1024x724.jpg 1024w, https:\/\/nad-art-therapie.com\/wp-content\/uploads\/2021\/02\/art-therapie-Enfants-02-2021b-300x212.jpg 300w, https:\/\/nad-art-therapie.com\/wp-content\/uploads\/2021\/02\/art-therapie-Enfants-02-2021b-768x543.jpg 768w, https:\/\/nad-art-therapie.com\/wp-content\/uploads\/2021\/02\/art-therapie-Enfants-02-2021b-1536x1086.jpg 1536w, https:\/\/nad-art-therapie.com\/wp-content\/uploads\/2021\/02\/art-therapie-Enfants-02-2021b-1528x1080.jpg 1528w, https:\/\/nad-art-therapie.com\/wp-content\/uploads\/2021\/02\/art-therapie-Enfants-02-2021b.jpg 1754w\" sizes=\"auto, (max-width: 1024px) 100vw, 1024px\" \/><\/figure>\n<\/div>\n\n\n<figure class=\"wp-block-image size-large\"><img loading=\"lazy\" decoding=\"async\" width=\"1024\" height=\"671\" src=\"https:\/\/nad-art-therapie.com\/wp-content\/uploads\/2020\/01\/hebdo-de-lardeche-1024x671.jpg\" alt=\"\" class=\"wp-image-276\" srcset=\"https:\/\/nad-art-therapie.com\/wp-content\/uploads\/2020\/01\/hebdo-de-lardeche-1024x671.jpg 1024w, https:\/\/nad-art-therapie.com\/wp-content\/uploads\/2020\/01\/hebdo-de-lardeche-300x197.jpg 300w, https:\/\/nad-art-therapie.com\/wp-content\/uploads\/2020\/01\/hebdo-de-lardeche-768x503.jpg 768w, https:\/\/nad-art-therapie.com\/wp-content\/uploads\/2020\/01\/hebdo-de-lardeche-1536x1006.jpg 1536w, https:\/\/nad-art-therapie.com\/wp-content\/uploads\/2020\/01\/hebdo-de-lardeche-2048x1342.jpg 2048w, https:\/\/nad-art-therapie.com\/wp-content\/uploads\/2020\/01\/hebdo-de-lardeche-1648x1080.jpg 1648w\" sizes=\"auto, (max-width: 1024px) 100vw, 1024px\" \/><figcaption class=\"wp-element-caption\">Hebdo de l&rsquo;Ard\u00e8che 29 aout 2019<\/figcaption><\/figure>\n\n\n\n<p><\/p>\n","protected":false},"excerpt":{"rendered":"<p>Au fil de la journ\u00e9e nous vous accompagnons au sein du groupe afin que vous puissiez dans l\u2019instant pr\u00e9sent vous relier \u00e0 votre \u00eatre, \u00e0 votre essence, \u00e0 la partie oubli\u00e9e ou mise de c\u00f4t\u00e9 de vous-m\u00eame. Nous cr\u00e9ons pour vous cet espace o\u00f9 vous pourrez vous offrir le l\u00e2cher prise, venir vous d\u00e9poser et&hellip; <br \/> <a class=\"read-more\" href=\"https:\/\/nad-art-therapie.com\/?page_id=177\">Lire la suite<\/a><\/p>\n","protected":false},"author":1,"featured_media":0,"parent":0,"menu_order":0,"comment_status":"closed","ping_status":"closed","template":"","meta":{"footnotes":""},"class_list":["post-177","page","type-page","status-publish","hentry"],"_links":{"self":[{"href":"https:\/\/nad-art-therapie.com\/index.php?rest_route=\/wp\/v2\/pages\/177","targetHints":{"allow":["GET"]}}],"collection":[{"href":"https:\/\/nad-art-therapie.com\/index.php?rest_route=\/wp\/v2\/pages"}],"about":[{"href":"https:\/\/nad-art-therapie.com\/index.php?rest_route=\/wp\/v2\/types\/page"}],"author":[{"embeddable":true,"href":"https:\/\/nad-art-therapie.com\/index.php?rest_route=\/wp\/v2\/users\/1"}],"replies":[{"embeddable":true,"href":"https:\/\/nad-art-therapie.com\/index.php?rest_route=%2Fwp%2Fv2%2Fcomments&post=177"}],"version-history":[{"count":38,"href":"https:\/\/nad-art-therapie.com\/index.php?rest_route=\/wp\/v2\/pages\/177\/revisions"}],"predecessor-version":[{"id":428,"href":"https:\/\/nad-art-therapie.com\/index.php?rest_route=\/wp\/v2\/pages\/177\/revisions\/428"}],"wp:attachment":[{"href":"https:\/\/nad-art-therapie.com\/index.php?rest_route=%2Fwp%2Fv2%2Fmedia&parent=177"}],"curies":[{"name":"wp","href":"https:\/\/api.w.org\/{rel}","templated":true}]}}